{"id":1902,"date":"2025-12-03T12:10:34","date_gmt":"2025-12-03T11:10:34","guid":{"rendered":"https:\/\/giit.es\/canal-interno-de-informacion\/"},"modified":"2025-12-09T12:18:34","modified_gmt":"2025-12-09T11:18:34","slug":"canal-interno-de-informacion","status":"publish","type":"page","link":"https:\/\/giit.es\/pt-pt\/canal-interno-de-informacion\/","title":{"rendered":"CANAL INTERNO DE INFORMA\u00c7\u00c3O"},"content":{"rendered":"<!-- Section Herogeneral Bloque -->\r\n            <section id=\"block-section-herogeneral\" class=\"section-herogeneral\">\r\n                \r\n<!-- Start Breadcrumb Section -->\r\n<div class=\"breadcrumb-section overflow-hidden\">\r\n\t<div class=\"overlay\"><\/div>\r\n\t<picture class=\"section-picturebg_GIT\">\r\n\t\t<img decoding=\"async\" width=\"1360\" height=\"765\" src=\"https:\/\/giit.es\/wp-content\/uploads\/2025\/03\/7b296bdde034adc1cfaabd23c7ea1894.jpeg\" class=\"attachment-1902 size-1902 wp-post-image\" alt=\"\" full=\"\" srcset=\"https:\/\/giit.es\/wp-content\/uploads\/2025\/03\/7b296bdde034adc1cfaabd23c7ea1894.jpeg 1360w, https:\/\/giit.es\/wp-content\/uploads\/2025\/03\/7b296bdde034adc1cfaabd23c7ea1894-300x169.jpeg 300w, https:\/\/giit.es\/wp-content\/uploads\/2025\/03\/7b296bdde034adc1cfaabd23c7ea1894-1024x576.jpeg 1024w, https:\/\/giit.es\/wp-content\/uploads\/2025\/03\/7b296bdde034adc1cfaabd23c7ea1894-768x432.jpeg 768w\" sizes=\"(max-width: 1360px) 100vw, 1360px\" \/>\t<\/picture>\r\n\t<div class=\"container-fluid one pl--95\">\r\n\t\t<div class=\"row g-lg-4 gy-5\">\r\n\t\t\t<div class=\"col-lg-12\">\r\n\t\t\t\t<div class=\"banner-content\">\r\n\r\n\t\t\t\t\t<h1 class=\"mb-3\">\r\n\t\t\t\t\t\tCANAL INTERNO DE INFORMA\u00c7\u00c3O\t\t\t\t\t<\/h1>\r\n\t\t\t\t\t<ul class=\"breadcrumb-list\">\r\n\t\t\t\t\t\t\r\n\r\n\t\t\t\t\t\t            <div class=\"SQ_migas_yoast \">\r\n                <p id=\"breadcrumbs\"><span><span><a href=\"https:\/\/giit.es\/pt-pt\/\">In\u00edcio<\/a><\/span><\/span><\/p>            <\/div>\r\n            \r\n\t\t\t\t\t<\/ul>\r\n\t\t\t\t<\/div>\r\n\t\t\t<\/div>\r\n\t\t\t\t\t<\/div>\r\n\t<\/div>\r\n<\/div>\r\n<!-- End Breadcrumb Section -->\r\n            <\/section>\r\n            <!-- FIN Section Herogeneral Bloque -->\n\n<!-- Section Canal Interno Bloque -->\r\n            <section id=\"block-section-canal-interno\" class=\"section-canal-interno\">\r\n                \t\r\n<div class=\"contect-section6 Transparent \">\r\n\t\t\t\t\t<div class=\"overlay\"><\/div>\r\n\t\t\t\t<div class=\"section-imgback_GIT\">\r\n\t\t\t\t\t<img decoding=\"async\" width=\"1920\" height=\"884\" src=\"https:\/\/giit.es\/wp-content\/uploads\/2025\/03\/Background.jpg\" class=\"attachment-full size-full\" alt=\"\" srcset=\"https:\/\/giit.es\/wp-content\/uploads\/2025\/03\/Background.jpg 1920w, https:\/\/giit.es\/wp-content\/uploads\/2025\/03\/Background-300x138.jpg 300w, https:\/\/giit.es\/wp-content\/uploads\/2025\/03\/Background-1024x471.jpg 1024w, https:\/\/giit.es\/wp-content\/uploads\/2025\/03\/Background-768x354.jpg 768w, https:\/\/giit.es\/wp-content\/uploads\/2025\/03\/Background-1536x707.jpg 1536w\" sizes=\"(max-width: 1920px) 100vw, 1920px\" \/>\t\t\t\t<\/div>\r\n\t\t\t\t<div class=\"container-fluid one pl--95\">\r\n\t\t<div class=\"row g-lg-4 gy-5 section-row_GIT\">\r\n\t\t\t<div class=\"col-lg-5 section-colleftform_GIT\">\r\n\t\t\t\t<div class=\"section-title1 two mb-4\">\r\n\t\t\t\t\t<h2>CANAL INTERNO DE INFORMA\u00c7\u00c3O<\/h2>\r\n\t\t\t\t\t<p>O GRUPO INTEGRAL INNOVACI\u00d3N TECNOL\u00d3GICA S.L. disponibiliza aos seus funcion\u00e1rios, fornecedores e colaboradores um Canal Interno de Informa\u00e7\u00e3o para comunicar, de forma confidencial e protegida, qualquer infra\u00e7\u00e3o normativa ou conduta irregular.<\/p>\n<p>Garantias do canal:<\/p>\n<ul>\n<li>Confidencialidade da identidade do informante.<\/li>\n<li>Proibi\u00e7\u00e3o de repres\u00e1lias.<\/li>\n<li>Tratamento independente e seguro.<\/li>\n<\/ul>\n<p>Meios habilitados:<\/p>\n<ul>\n<li>Formul\u00e1rio dispon\u00edvel na web.<\/li>\n<li>E-mail: info@giit.es<\/li>\n<\/ul>\n<p>O uso deste canal contribui para refor\u00e7ar o compromisso com a transpar\u00eancia e o cumprimento normativo.<\/p>\n\t\t\t\t<\/div>\r\n\t\t\t\t<div class=\"Email d-flex align-items-center gap-3\">\r\n\r\n\t\t\t\t\t<img decoding=\"async\" width=\"1\" height=\"1\" src=\"https:\/\/giit.es\/wp-content\/uploads\/2025\/12\/icono-correo-negro.svg\" class=\"attachment-full size-full\" alt=\"\" \/>\t\t\t\t\t<a href=\"mailto:info@giit.es\">info@giit.es<\/a>\r\n\t\t\t\t<\/div>\r\n\t\t\t<\/div>\r\n\t\t\t<div class=\"col-lg-7 section-colrightform_GIT\">\r\n\t\t\t\t<div class=\"contact-form-area two\">\r\n\t\t\t\t\t\n<div class=\"wpcf7 no-js\" id=\"wpcf7-f1900-o1\" lang=\"pt-PT\" dir=\"ltr\" data-wpcf7-id=\"1900\">\n<div class=\"screen-reader-response\"><p role=\"status\" aria-live=\"polite\" aria-atomic=\"true\"><\/p> <ul><\/ul><\/div>\n<form action=\"\/pt-pt\/wp-json\/wp\/v2\/pages\/1902#wpcf7-f1900-o1\" method=\"post\" class=\"wpcf7-form init\" aria-label=\"Formul\u00e1rio de contacto\" enctype=\"multipart\/form-data\" novalidate=\"novalidate\" data-status=\"init\">\n<fieldset class=\"hidden-fields-container\"><input type=\"hidden\" name=\"_wpcf7\" value=\"1900\" \/><input type=\"hidden\" name=\"_wpcf7_version\" value=\"6.1\" \/><input type=\"hidden\" name=\"_wpcf7_locale\" value=\"pt_PT\" \/><input type=\"hidden\" name=\"_wpcf7_unit_tag\" value=\"wpcf7-f1900-o1\" \/><input type=\"hidden\" name=\"_wpcf7_container_post\" value=\"0\" \/><input type=\"hidden\" name=\"_wpcf7_posted_data_hash\" value=\"\" \/>\n<\/fieldset>\n<div class=\"row section-form_GIT\">\n\t\t<div class=\"col-lg-6 mb-30\">\n\t\t\t\t<div class=\"form-inner\">\n\t\t\t\t\t\t<label>Nome*<\/label>\n\t\t\t\t\t\t<span class=\"wpcf7-form-control-wrap\" data-name=\"text-357\"><input size=\"40\" maxlength=\"400\" class=\"wpcf7-form-control wpcf7-text wpcf7-validates-as-required large-input\" aria-required=\"true\" aria-invalid=\"false\" placeholder=\"Nome\" value=\"\" type=\"text\" name=\"text-357\" \/><\/span>\n\t\t\t\t<\/div>\n\t\t<\/div>\n\t\t<div class=\"col-lg-6 mb-30\">\n\t\t\t\t<div class=\"form-inner\">\n\t\t\t\t\t\t<label>Sobrenomes*<\/label>\n\t\t\t\t\t\t<span class=\"wpcf7-form-control-wrap\" data-name=\"text-310\"><input size=\"40\" maxlength=\"400\" class=\"wpcf7-form-control wpcf7-text wpcf7-validates-as-required large-input\" aria-required=\"true\" aria-invalid=\"false\" placeholder=\"Sobrenomes\" value=\"\" type=\"text\" name=\"text-310\" \/><\/span>\n\t\t\t\t<\/div>\n\t\t<\/div>\n\t\t<div class=\"col-lg-6 mb-30\">\n\t\t\t\t<div class=\"form-inner\">\n\t\t\t\t\t\t<label>Telefone<\/label>\n\t\t\t\t\t\t<span class=\"wpcf7-form-control-wrap\" data-name=\"tel-170\"><input size=\"40\" maxlength=\"400\" class=\"wpcf7-form-control wpcf7-tel wpcf7-validates-as-required wpcf7-text wpcf7-validates-as-tel large-input\" aria-required=\"true\" aria-invalid=\"false\" placeholder=\"Telefone\" value=\"\" type=\"tel\" name=\"tel-170\" \/><\/span>\n\t\t\t\t<\/div>\n\t\t<\/div>\n\t\t<div class=\"col-lg-6 mb-30\">\n\t\t\t\t<div class=\"form-inner\">\n\t\t\t\t\t\t<label>Email*<\/label>\n\t\t\t\t\t\t<span class=\"wpcf7-form-control-wrap\" data-name=\"email-888\"><input size=\"40\" maxlength=\"400\" class=\"wpcf7-form-control wpcf7-email wpcf7-text wpcf7-validates-as-email large-input\" aria-invalid=\"false\" placeholder=\"Email\" value=\"\" type=\"email\" name=\"email-888\" \/><\/span>\n\t\t\t\t<\/div>\n\t\t<\/div>\n\t\t<div class=\"col-lg-12 mb-15\">\n\t\t\t\t<div class=\"form-inner d-flex flex-column gap-2 radio-boton\">\n\t\t\t\t\t\t<label>Rela\u00e7\u00e3o com a empresa<\/label>\n\t\t\t\t\t\t<span class=\"wpcf7-form-control-wrap\" data-name=\"radio-378\"><span class=\"wpcf7-form-control wpcf7-radio large-input\"><span class=\"wpcf7-list-item first\"><input type=\"radio\" name=\"radio-378\" value=\"Funcion\u00e1rio\" \/><span class=\"wpcf7-list-item-label\">Funcion\u00e1rio<\/span><\/span><span class=\"wpcf7-list-item\"><input type=\"radio\" name=\"radio-378\" value=\"Fornecedor\" \/><span class=\"wpcf7-list-item-label\">Fornecedor<\/span><\/span><span class=\"wpcf7-list-item\"><input type=\"radio\" name=\"radio-378\" value=\"Colaborador\" \/><span class=\"wpcf7-list-item-label\">Colaborador<\/span><\/span><span class=\"wpcf7-list-item last\"><input type=\"radio\" name=\"radio-378\" value=\"Outro\" \/><span class=\"wpcf7-list-item-label\">Outro<\/span><\/span><\/span><\/span>\n\t\t\t\t<\/div>\n\t\t<\/div>\n\t\t<div class=\"col-lg-12 mb-15\">\n\t\t\t\t<div class=\"form-inner\">\n\t\t\t\t\t\t<label>Factos que deseja comunicar<\/label>\n\t\t\t\t\t\t<span class=\"wpcf7-form-control-wrap\" data-name=\"textarea-374\"><textarea cols=\"40\" rows=\"4\" maxlength=\"2000\" class=\"wpcf7-form-control wpcf7-textarea large-input\" aria-invalid=\"false\" placeholder=\"(Descreva de forma clara e detalhada os factos que deseja comunicar)\" name=\"textarea-374\"><\/textarea><\/span>\n\t\t\t\t<\/div>\n\t\t<\/div>\n\t\t<div class=\"col-lg-6 mb-30\">\n\t\t\t\t<div class=\"form-inner\">\n\t\t\t\t\t\t<label>Data aproximada dos acontecimentos<\/label>\n\t\t\t\t\t\t<span class=\"wpcf7-form-control-wrap\" data-name=\"date-766\"><input class=\"wpcf7-form-control wpcf7-date wpcf7-validates-as-required wpcf7-validates-as-date large-input\" aria-required=\"true\" aria-invalid=\"false\" value=\"\" type=\"date\" name=\"date-766\" \/><\/span>\n\t\t\t\t<\/div>\n\t\t<\/div>\n\t\t<div class=\"col-lg-6 mb-30\">\n\t\t\t\t<div class=\"form-inner\">\n\t\t\t\t\t\t<label>Pessoas envolvidas (se houver)<\/label>\n\t\t\t\t\t\t<span class=\"wpcf7-form-control-wrap\" data-name=\"text-885\"><input size=\"40\" maxlength=\"400\" class=\"wpcf7-form-control wpcf7-text large-input\" aria-invalid=\"false\" placeholder=\"Pessoas envolvidas (se houver)\" value=\"\" type=\"text\" name=\"text-885\" \/><\/span>\n\t\t\t\t<\/div>\n\t\t<\/div>\n\t\t<div class=\"col-lg-12 mb-15\">\n\t\t\t\t<div class=\"form-inner\">\n\t\t\t\t\t\t<label>Documenta\u00e7\u00e3o anexa<\/label>\n\t\t\t\t\t\t<span class=\"wpcf7-form-control-wrap\" data-name=\"file-221\"><input size=\"40\" class=\"wpcf7-form-control wpcf7-file large-input\" accept=\"audio\/*,video\/*,image\/*\" aria-invalid=\"false\" type=\"file\" name=\"file-221\" \/><\/span>\n\t\t\t\t<\/div>\n\t\t<\/div>\n\t\t<div class=\"col-lg-12 mb-20\">\n\t\t\t\t<div class=\"form-check\">\n\t\t\t\t\t\t<span class=\"wpcf7-form-control-wrap\" data-name=\"acceptance-81\"><span class=\"wpcf7-form-control wpcf7-acceptance\"><span class=\"wpcf7-list-item\"><label><input type=\"checkbox\" name=\"acceptance-81\" value=\"1\" class=\"rgpd\" aria-invalid=\"false\" \/><span class=\"wpcf7-list-item-label\">Solicito total confidencialidade quanto \u00e0 minha identidade.<\/span><\/label><\/span><\/span><\/span>\n\t\t\t\t<\/div>\n\t\t<\/div>\n\t\t<div class=\"col-lg-12 mb-20\">\n\t\t\t\t<div class=\"form-check\">\n\t\t\t\t\t\t<span class=\"wpcf7-form-control-wrap\" data-name=\"acceptance-943\"><span class=\"wpcf7-form-control wpcf7-acceptance\"><span class=\"wpcf7-list-item\"><label><input type=\"checkbox\" name=\"acceptance-943\" value=\"1\" class=\"rgpd\" aria-invalid=\"false\" \/><span class=\"wpcf7-list-item-label\">Declaro que as informa\u00e7\u00f5es fornecidas s\u00e3o verdadeiras, tanto quanto \u00e9 do meu conhecimento.<\/span><\/label><\/span><\/span><\/span>\n\t\t\t\t<\/div>\n\t\t<\/div>\n\t\t<div class=\"col-lg-12\">\n\t\t\t\t<div class=\"form-inner section-submit_GIT\">\n\t\t\t\t\t\t<input class=\"wpcf7-form-control wpcf7-submit has-spinner primary-btn1 btn-hover\" type=\"submit\" value=\"Enviar\" \/>\n\t\t\t\t\t\t<button class=\"primary-btn1 btn-hover\" type=\"submit\">\n               Enviar\n               \t<svg xmlns=\"http:\/\/www.w3.org\/2000\/svg\" width=\"12\" height=\"12\" viewBox=\"0 0 12 12\">\n                  \t<path fill-rule=\"evenodd\" clip-rule=\"evenodd\" d=\"M10.1865 1.06237L0 11.2484L0.751627 12L10.9376 1.81347V8.85645H12V0H3.14355V1.06237H10.1865Z\"><\/path>\n\t\t\t\t\t\t\t\t<\/svg>\n\t\t\t\t\t\t\t\t<span style=\"top: -8px; left: 104.594px;\"><\/span>\n\t\t\t\t\t\t<\/button>\n\t\t\t\t<\/div>\n\t\t<\/div>\n<\/div><div class=\"wpcf7-response-output\" aria-hidden=\"true\"><\/div>\n<\/form>\n<\/div>\n\t\t\t\t<\/div>\r\n\t\t\t<\/div>\r\n\t\t<\/div>\r\n\t<\/div>\r\n<\/div>\r\n\r\n<script>\r\n\t(function($) {\r\n\t\t$(document).ready(function(){\r\n\t\t\tvar fileUpload = $(\"#file-upload\");\r\n\t\t\tvar customFileButton = $(\".section-archivo_GIT\");\r\n\t\t\tvar fileLabel = $(\"#archivo-label\");\r\n\r\n\t\t\tif (fileUpload.length && customFileButton.length) {\r\n\t\t\t\tcustomFileButton.on(\"click\", function() {\r\n\t\t\t\t\tfileUpload.trigger(\"click\");\r\n\t\t\t\t});\r\n\r\n\t\t\t\tfileUpload.on(\"change\", function() {\r\n\t\t\t\t\tif (this.files.length > 0) {\r\n\t\t\t\t\t\tfileLabel.text(this.files[0].name);\r\n\t\t\t\t\t} else {\r\n\t\t\t\t\t\tfileLabel.text(\"Adjunta tu CV\");\r\n\t\t\t\t\t}\r\n\t\t\t\t});\r\n\t\t\t}\r\n\t\t});\r\n\t})(jQuery);\r\n<\/script>\r\n            <\/section>\r\n            <!-- FIN Section Canal Interno Bloque -->","protected":false},"excerpt":{"rendered":"","protected":false},"author":1,"featured_media":1081,"parent":0,"menu_order":0,"comment_status":"closed","ping_status":"closed","template":"page-notitle","meta":{"_acf_changed":false,"inline_featured_image":false,"footnotes":""},"class_list":["post-1902","page","type-page","status-publish","has-post-thumbnail","hentry"],"acf":[],"yoast_head":"<!-- This site is optimized with the Yoast SEO plugin v25.4 - https:\/\/yoast.com\/wordpress\/plugins\/seo\/ -->\n<title>CANAL INTERNO DE INFORMA\u00c7\u00c3O - Giit<\/title>\n<meta name=\"robots\" content=\"index, follow, max-snippet:-1, max-image-preview:large, max-video-preview:-1\" \/>\n<link rel=\"canonical\" href=\"https:\/\/giit.es\/pt-pt\/canal-interno-de-informacion\/\" \/>\n<meta property=\"og:locale\" content=\"pt_PT\" \/>\n<meta property=\"og:type\" content=\"article\" \/>\n<meta property=\"og:title\" content=\"CANAL INTERNO DE INFORMA\u00c7\u00c3O - Giit\" \/>\n<meta property=\"og:url\" content=\"https:\/\/giit.es\/pt-pt\/canal-interno-de-informacion\/\" \/>\n<meta property=\"og:site_name\" content=\"Giit\" \/>\n<meta property=\"article:modified_time\" content=\"2025-12-09T11:18:34+00:00\" \/>\n<meta property=\"og:image\" content=\"https:\/\/giit.es\/wp-content\/uploads\/2025\/03\/7b296bdde034adc1cfaabd23c7ea1894.jpeg\" \/>\n\t<meta property=\"og:image:width\" content=\"1360\" \/>\n\t<meta property=\"og:image:height\" content=\"765\" \/>\n\t<meta property=\"og:image:type\" content=\"image\/jpeg\" \/>\n<meta name=\"twitter:card\" content=\"summary_large_image\" \/>\n<meta name=\"twitter:label1\" content=\"Tempo estimado de leitura\" \/>\n\t<meta name=\"twitter:data1\" content=\"1 minuto\" \/>\n<script type=\"application\/ld+json\" class=\"yoast-schema-graph\">{\"@context\":\"https:\/\/schema.org\",\"@graph\":[{\"@type\":\"WebPage\",\"@id\":\"https:\/\/giit.es\/pt-pt\/canal-interno-de-informacion\/\",\"url\":\"https:\/\/giit.es\/pt-pt\/canal-interno-de-informacion\/\",\"name\":\"CANAL INTERNO DE INFORMA\u00c7\u00c3O - Giit\",\"isPartOf\":{\"@id\":\"https:\/\/giit.es\/#website\"},\"primaryImageOfPage\":{\"@id\":\"https:\/\/giit.es\/pt-pt\/canal-interno-de-informacion\/#primaryimage\"},\"image\":{\"@id\":\"https:\/\/giit.es\/pt-pt\/canal-interno-de-informacion\/#primaryimage\"},\"thumbnailUrl\":\"https:\/\/giit.es\/wp-content\/uploads\/2025\/03\/7b296bdde034adc1cfaabd23c7ea1894.jpeg\",\"datePublished\":\"2025-12-03T11:10:34+00:00\",\"dateModified\":\"2025-12-09T11:18:34+00:00\",\"breadcrumb\":{\"@id\":\"https:\/\/giit.es\/pt-pt\/canal-interno-de-informacion\/#breadcrumb\"},\"inLanguage\":\"pt-PT\",\"potentialAction\":[{\"@type\":\"ReadAction\",\"target\":[\"https:\/\/giit.es\/pt-pt\/canal-interno-de-informacion\/\"]}]},{\"@type\":\"ImageObject\",\"inLanguage\":\"pt-PT\",\"@id\":\"https:\/\/giit.es\/pt-pt\/canal-interno-de-informacion\/#primaryimage\",\"url\":\"https:\/\/giit.es\/wp-content\/uploads\/2025\/03\/7b296bdde034adc1cfaabd23c7ea1894.jpeg\",\"contentUrl\":\"https:\/\/giit.es\/wp-content\/uploads\/2025\/03\/7b296bdde034adc1cfaabd23c7ea1894.jpeg\",\"width\":1360,\"height\":765,\"caption\":\"Screenshot\"},{\"@type\":\"BreadcrumbList\",\"@id\":\"https:\/\/giit.es\/pt-pt\/canal-interno-de-informacion\/#breadcrumb\",\"itemListElement\":[{\"@type\":\"ListItem\",\"position\":1,\"name\":\"In\u00edcio\",\"item\":\"https:\/\/giit.es\/pt-pt\/\"},{\"@type\":\"ListItem\",\"position\":2,\"name\":\"CANAL INTERNO DE INFORMA\u00c7\u00c3O\"}]},{\"@type\":\"WebSite\",\"@id\":\"https:\/\/giit.es\/#website\",\"url\":\"https:\/\/giit.es\/\",\"name\":\"Giit\",\"description\":\"Tu vigilancia y\\u2028seguridad profesional\\u2028homologada\",\"potentialAction\":[{\"@type\":\"SearchAction\",\"target\":{\"@type\":\"EntryPoint\",\"urlTemplate\":\"https:\/\/giit.es\/?s={search_term_string}\"},\"query-input\":{\"@type\":\"PropertyValueSpecification\",\"valueRequired\":true,\"valueName\":\"search_term_string\"}}],\"inLanguage\":\"pt-PT\"}]}<\/script>\n<!-- \/ Yoast SEO plugin. -->","yoast_head_json":{"title":"CANAL INTERNO DE INFORMA\u00c7\u00c3O - Giit","robots":{"index":"index","follow":"follow","max-snippet":"max-snippet:-1","max-image-preview":"max-image-preview:large","max-video-preview":"max-video-preview:-1"},"canonical":"https:\/\/giit.es\/pt-pt\/canal-interno-de-informacion\/","og_locale":"pt_PT","og_type":"article","og_title":"CANAL INTERNO DE INFORMA\u00c7\u00c3O - Giit","og_url":"https:\/\/giit.es\/pt-pt\/canal-interno-de-informacion\/","og_site_name":"Giit","article_modified_time":"2025-12-09T11:18:34+00:00","og_image":[{"width":1360,"height":765,"url":"https:\/\/giit.es\/wp-content\/uploads\/2025\/03\/7b296bdde034adc1cfaabd23c7ea1894.jpeg","type":"image\/jpeg"}],"twitter_card":"summary_large_image","twitter_misc":{"Tempo estimado de leitura":"1 minuto"},"schema":{"@context":"https:\/\/schema.org","@graph":[{"@type":"WebPage","@id":"https:\/\/giit.es\/pt-pt\/canal-interno-de-informacion\/","url":"https:\/\/giit.es\/pt-pt\/canal-interno-de-informacion\/","name":"CANAL INTERNO DE INFORMA\u00c7\u00c3O - Giit","isPartOf":{"@id":"https:\/\/giit.es\/#website"},"primaryImageOfPage":{"@id":"https:\/\/giit.es\/pt-pt\/canal-interno-de-informacion\/#primaryimage"},"image":{"@id":"https:\/\/giit.es\/pt-pt\/canal-interno-de-informacion\/#primaryimage"},"thumbnailUrl":"https:\/\/giit.es\/wp-content\/uploads\/2025\/03\/7b296bdde034adc1cfaabd23c7ea1894.jpeg","datePublished":"2025-12-03T11:10:34+00:00","dateModified":"2025-12-09T11:18:34+00:00","breadcrumb":{"@id":"https:\/\/giit.es\/pt-pt\/canal-interno-de-informacion\/#breadcrumb"},"inLanguage":"pt-PT","potentialAction":[{"@type":"ReadAction","target":["https:\/\/giit.es\/pt-pt\/canal-interno-de-informacion\/"]}]},{"@type":"ImageObject","inLanguage":"pt-PT","@id":"https:\/\/giit.es\/pt-pt\/canal-interno-de-informacion\/#primaryimage","url":"https:\/\/giit.es\/wp-content\/uploads\/2025\/03\/7b296bdde034adc1cfaabd23c7ea1894.jpeg","contentUrl":"https:\/\/giit.es\/wp-content\/uploads\/2025\/03\/7b296bdde034adc1cfaabd23c7ea1894.jpeg","width":1360,"height":765,"caption":"Screenshot"},{"@type":"BreadcrumbList","@id":"https:\/\/giit.es\/pt-pt\/canal-interno-de-informacion\/#breadcrumb","itemListElement":[{"@type":"ListItem","position":1,"name":"In\u00edcio","item":"https:\/\/giit.es\/pt-pt\/"},{"@type":"ListItem","position":2,"name":"CANAL INTERNO DE INFORMA\u00c7\u00c3O"}]},{"@type":"WebSite","@id":"https:\/\/giit.es\/#website","url":"https:\/\/giit.es\/","name":"Giit","description":"Tu vigilancia y\u2028seguridad profesional\u2028homologada","potentialAction":[{"@type":"SearchAction","target":{"@type":"EntryPoint","urlTemplate":"https:\/\/giit.es\/?s={search_term_string}"},"query-input":{"@type":"PropertyValueSpecification","valueRequired":true,"valueName":"search_term_string"}}],"inLanguage":"pt-PT"}]}},"_links":{"self":[{"href":"https:\/\/giit.es\/pt-pt\/wp-json\/wp\/v2\/pages\/1902","targetHints":{"allow":["GET"]}}],"collection":[{"href":"https:\/\/giit.es\/pt-pt\/wp-json\/wp\/v2\/pages"}],"about":[{"href":"https:\/\/giit.es\/pt-pt\/wp-json\/wp\/v2\/types\/page"}],"author":[{"embeddable":true,"href":"https:\/\/giit.es\/pt-pt\/wp-json\/wp\/v2\/users\/1"}],"replies":[{"embeddable":true,"href":"https:\/\/giit.es\/pt-pt\/wp-json\/wp\/v2\/comments?post=1902"}],"version-history":[{"count":2,"href":"https:\/\/giit.es\/pt-pt\/wp-json\/wp\/v2\/pages\/1902\/revisions"}],"predecessor-version":[{"id":1914,"href":"https:\/\/giit.es\/pt-pt\/wp-json\/wp\/v2\/pages\/1902\/revisions\/1914"}],"wp:featuredmedia":[{"embeddable":true,"href":"https:\/\/giit.es\/pt-pt\/wp-json\/wp\/v2\/media\/1081"}],"wp:attachment":[{"href":"https:\/\/giit.es\/pt-pt\/wp-json\/wp\/v2\/media?parent=1902"}],"curies":[{"name":"wp","href":"https:\/\/api.w.org\/{rel}","templated":true}]}}