{"id":1182,"date":"2025-03-04T11:44:26","date_gmt":"2025-03-04T11:44:26","guid":{"rendered":"https:\/\/giit.es\/politica-de-cookies\/"},"modified":"2025-04-02T16:54:02","modified_gmt":"2025-04-02T16:54:02","slug":"politica-de-cookies","status":"publish","type":"page","link":"https:\/\/giit.es\/pt-pt\/politica-de-cookies\/","title":{"rendered":"Pol\u00edtica de Cookies"},"content":{"rendered":"<!-- Section Actualizacion Bloque -->\r\n            <section id=\"block-section-actualizacion\" class=\"section-actualizacion\">\r\n                \r\n\r\n<div class=\"Actualizacion\">\r\n\t<svg width=\"14\" height=\"14\" viewBox=\"0 0 14 14\" fill=\"none\" xmlns=\"http:\/\/www.w3.org\/2000\/svg\">\r\n\t\t<path d=\"M10.6401 7.65428L5.83339 11.8543C5.64672 12.0098 5.43672 12.0798 5.20339 12.0643C4.97005 12.0487 4.77561 11.9632 4.62005 11.8076C4.4645 11.6521 4.38672 11.4498 4.38672 11.201V2.80095C4.38672 2.6454 4.43339 2.48984 4.52672 2.33428C4.62005 2.17873 4.7445 2.06984 4.90005 2.00762C5.05561 1.9454 5.21894 1.92206 5.39005 1.93762C5.56116 1.95317 5.70894 2.02317 5.83339 2.14762L10.6401 6.34762C10.8267 6.50317 10.9201 6.72095 10.9201 7.00095C10.9201 7.28095 10.8267 7.49873 10.6401 7.65428Z\" fill=\"#2E448D\"\/>\r\n\t<\/svg>\r\n\t<span>\u00daltima atualiza\u00e7\u00e3o<\/span>\r\n\t<svg width=\"28\" height=\"2\" viewBox=\"0 0 28 2\" fill=\"none\" xmlns=\"http:\/\/www.w3.org\/2000\/svg\">\r\n\t\t<rect y=\"0.505859\" width=\"28\" height=\"1\" fill=\"#0D1720\"\/>\r\n\t<\/svg>\r\n\t<span class=\"date-act\">14 de Outubro, 2024<\/span>\r\n<\/div>\r\n\r\n            <\/section>\r\n            <!-- FIN Section Actualizacion Bloque -->\n\n<h2 class=\"wp-block-heading\">Pol\u00edtica de Cookies<\/h2>\n\n\n<h3 class=\"wp-block-heading\">INTRODUCCI\u00d3N<\/h3>\n\n\n<p>Mediante o presente aviso na web&nbsp;Giit, S.L. com titular Grupo Integral de Inova\u00e7\u00e3o Tecnol\u00f3gica S.L.&nbsp;informa-o da sua pol\u00edtica de cookies, cumprindo assim com o previsto no artigo 22.2 da Lei 34\/2002, de 11 de julho de Servi\u00e7os da Sociedade da Informa\u00e7\u00e3o e de Com\u00e9rcio Eletr\u00f3nico.<\/p>\n\n<h4 class=\"wp-block-heading\">1 CONCEITO DE COOKIE:<\/h4>\n\n<p>Cookie \u00e9 um ficheiro que \u00e9 descarregado no seu computador ao aceder a determinadas p\u00e1ginas web. Os cookies permitem a uma p\u00e1gina web, entre outras coisas, armazenar e recuperar informa\u00e7\u00f5es sobre os h\u00e1bitos de navega\u00e7\u00e3o de um utilizador ou do seu equipamento, dependendo das informa\u00e7\u00f5es que cont\u00eam e da forma como o seu equipamento \u00e9 utilizado, podem ser usados para conhecer o utilizador. O navegador do utilizador memoriza cookies no disco r\u00edgido apenas durante a sess\u00e3o atual, ocupando um espa\u00e7o de mem\u00f3ria m\u00ednimo sem prejudicar o seu computador. Os cookies n\u00e3o cont\u00eam nenhum tipo de informa\u00e7\u00e3o pessoal espec\u00edfica, e a maioria deles \u00e9 apagada do disco r\u00edgido ao finalizar a sess\u00e3o do navegador.<\/p>\n\n<p>A maioria dos navegadores aceita como padr\u00e3o os cookies, e independentemente destes, permitem ou impedem nas configura\u00e7\u00f5es de seguran\u00e7a os cookies tempor\u00e1rios ou memorizados.<\/p>\n\n<p>Os cookies s\u00e3o instalados durante a navega\u00e7\u00e3o na Internet, seja pelos sites que o usu\u00e1rio visita ou por terceiros com os quais o site se relaciona, e permitem a este conhecer sua atividade no mesmo site ou em outros com os quais este se relaciona, por exemplo: o lugar de onde acessa, o tempo de conex\u00e3o, o dispositivo de onde acessa (fixo ou m\u00f3vel), o sistema operativo e navegador utilizados, as p\u00e1ginas mais visitadas, o n\u00famero de cliques realizados e de dados sobre o comportamento do usu\u00e1rio na Internet.<\/p>\n\n<h4 class=\"wp-block-heading\">2 AUTORIZA\u00c7\u00c3O DO USO DE COOKIES:<\/h4>\n\n<p>De acordo com o aviso de cookies que aparece no rodap\u00e9 ou no cabe\u00e7alho do mesmo, o usu\u00e1rio ou visitante do mesmo aceita que, ao navegar pelo mesmo, consente expressamente o uso de cookies de acordo com a descri\u00e7\u00e3o que se detalha a seguir, exceto na medida em que tenha modificado a configura\u00e7\u00e3o do seu navegador para rejeitar sua utiliza\u00e7\u00e3o.<\/p>\n\n<p>O usu\u00e1rio que navega na web pode encontrar cookies inseridas diretamente pelo Titular, ou cookies inseridas por entidades diferentes a este, conforme detalhado nos seguintes par\u00e1grafos:<\/p>\n\n<p><strong>Tipos de Cookies:<\/strong><\/p>\n\n<p>Existem diferentes tipos de cookies, as quais podem ser classificadas de acordo com a sua finalidade ao obter informa\u00e7\u00f5es sobre o usu\u00e1rio:<\/p>\n\n<ul class=\"wp-block-list\"><li>Cookies t\u00e9cnicas: S\u00e3o aquelas que resultam imprescind\u00edveis para permitir ao usu\u00e1rio a navega\u00e7\u00e3o atrav\u00e9s de uma p\u00e1gina web, como por exemplo, as que permitem armazenar os dados de um pedido online.<\/li><\/ul>\n\n\n<ul class=\"wp-block-list\"><li>Cookies de personaliza\u00e7\u00e3o:&nbsp;Este tipo permite personalizar as fun\u00e7\u00f5es ou conte\u00fados do site em fun\u00e7\u00e3o dos dados obtidos do navegador. Atrav\u00e9s dessas cookies, podemos apresentar um site na mesma l\u00edngua do navegador usado para visitar a web.<\/li>\n\n<li>Cookies de an\u00e1lise:&nbsp;S\u00e3o utilizadas apenas para fins estat\u00edsticos. Um exemplo claro pode ser as cookies geradas pelo script de acompanhamento do Google Analytics.<\/li>\n\n<li>Cookies publicit\u00e1rias e de publicidade comportamental:&nbsp;S\u00e3o todas aquelas que t\u00eam como objetivo melhorar a efic\u00e1cia dos espa\u00e7os publicit\u00e1rios. Assim, a rede publicit\u00e1ria do Google ou os adservers incluem este tipo de tecnologias para dar o servi\u00e7o desejado aos seus clientes.<\/li><\/ul>\n\n\n<p>Pode obter mais informa\u00e7\u00f5es sobre os cookies e o seu uso em www.aboutcookies.org.<\/p>\n\n<h4 class=\"wp-block-heading\">3 COOKIES UTILIZADAS EM GIIT.ES:<\/h4>\n\n<p><strong>Cookies pr\u00f3prias<\/strong><\/p>\n\n<p>S\u00e3o aqueles cookies que s\u00e3o enviados para o seu computador ou dispositivo m\u00f3vel e geridos exclusivamente pela Giit para o melhor funcionamento do Site. As informa\u00e7\u00f5es que recolhemos s\u00e3o utilizadas para melhorar a qualidade do nosso servi\u00e7o e a sua experi\u00eancia como usu\u00e1rio. Esses cookies permanecem no seu navegador por mais tempo, permitindo que a plataforma o reconhe\u00e7a como visitante recorrente do Site e adapte o conte\u00fado para oferecer conte\u00fados que se ajustem \u00e0s suas prefer\u00eancias.<\/p>\n\n<p><strong>Cookies anal\u00edticas de terceiros<\/strong><\/p>\n\n<p>No giit.es tamb\u00e9m \u00e9 utilizado o sistema de medi\u00e7\u00e3o de audi\u00eancia Google Analytics, uma ferramenta de an\u00e1lise web do Google que permite conhecer como interagem os usu\u00e1rios do nosso Site Web. Ademais, habilita cookies no dom\u00ednio do site em que se encontra o usu\u00e1rio e utiliza um conjunto de cookies denominadas \u00ab__utma\u00bb e \u00ab__utmz\u00bb para coletar informa\u00e7\u00f5es de forma an\u00f4nima e elaborar relat\u00f3rios de tend\u00eancias do Site Web sem identificar usu\u00e1rios individuais.<\/p>\n\n<p>Juntamente com os arquivos de registo do servidor, permite conhecer o n\u00famero total de usu\u00e1rios que visitam giit.es e aquelas partes do mesmo que gozam de maior popularidade. Gra\u00e7as a elas, obt\u00e9m-se uma informa\u00e7\u00e3o que pode ajudar a melhorar a navega\u00e7\u00e3o e a oferecer um melhor servi\u00e7o a usu\u00e1rios e cl\u00ednicas.<\/p>\n\n<p>Se interagir com o conte\u00fado de giit.es, tamb\u00e9m podem ser estabelecidos cookies de terceiros (por exemplo, ao clicar em bot\u00f5es de redes sociais). Os cookies de terceiros s\u00e3o aqueles estabelecidos por um dom\u00ednio diferente do nosso Site Web. N\u00e3o podemos acessar os dados armazenados nos cookies de outros sites quando voc\u00ea navega nesses sites mencionados.<\/p>\n\n<p>Inclu\u00edmos a seguir o link para o site da Google onde pode consultar a descri\u00e7\u00e3o do tipo de cookies que utiliza o Google Analytics e o seu per\u00edodo de expira\u00e7\u00e3o:<\/p>\n\n<p>https:\/\/developers.google.com\/analytics\/devguides\/collection\/analyticsjs\/cookie-usage?hl=pt<\/p>\n\n<p><strong>Cookies Zopim<\/strong><\/p>\n\n<p>Cookies utilizadas pela ferramenta ZOPIM que armazena um identificador de usu\u00e1rio para poder manter uma sess\u00e3o de chat.<\/p>\n\n<h4 class=\"wp-block-heading\">5 CONFIGURA\u00c7\u00c3O DO NAVEGADOR:<\/h4>\n\n<p>O Titular lembra os seus usu\u00e1rios que o uso de cookies poder\u00e1 estar sujeito \u00e0 sua aceita\u00e7\u00e3o durante a instala\u00e7\u00e3o ou atualiza\u00e7\u00e3o do navegador utilizado por estes.<\/p>\n\n<p>Esta aceita\u00e7\u00e3o poder\u00e1 ser revogada atrav\u00e9s das op\u00e7\u00f5es de configura\u00e7\u00e3o de conte\u00fados e privacidade dispon\u00edveis no mesmo. O Titular recomenda aos seus usu\u00e1rios que consultem a ajuda do seu navegador ou acessem as p\u00e1ginas web de ajuda dos principais navegadores:<\/p>\n\n<h4 class=\"wp-block-heading\">6 RETIRAR O MEU CONSENTIMENTO:<\/h4>\n\n<p>Se desejar retirar a qualquer momento o seu consentimento relacionado com a presente Pol\u00edtica de Cookies, dever\u00e1 eliminar os cookies armazenados no seu equipamento (computador ou dispositivo m\u00f3vel) atrav\u00e9s das defini\u00e7\u00f5es e configura\u00e7\u00f5es do seu navegador de Internet.<\/p>\n\n<p>Para mais informa\u00e7\u00f5es sobre a elimina\u00e7\u00e3o, desativa\u00e7\u00e3o ou bloqueio de cookies, por favor visite:<\/p>\n\n<p>http:\/\/www.allaboutcookies.org\/pt\/administrar-as-cookies\/<\/p>\n\n<h4 class=\"wp-block-heading\">7 MODIFICA\u00c7\u00c3O DA CONFIGURA\u00c7\u00c3O E AJUSTES SOBRE COOKIES:<\/h4>\n\n<p>Salvo que tenha ajustado a configura\u00e7\u00e3o do seu navegador, o sistema criar\u00e1 cookies assim que visitar o Site. Tenha em mente que todos os navegadores de Internet permitem a altera\u00e7\u00e3o dessa configura\u00e7\u00e3o. Para mais informa\u00e7\u00f5es sobre como ajustar suas configura\u00e7\u00f5es de cookies nos seguintes navegadores, remetemos ao link pertinente:<\/p>\n\n<p><strong>Internet Explorer<\/strong><\/p>\n\n<ul class=\"wp-block-list\"><li>Internet Explorer 7 http:\/\/www.allaboutcookies.org\/pt\/administrar-as-cookies\/internet-explorer7-plus.html<\/li>\n\n<li>Internet Explorer 8 http:\/\/www.allaboutcookies.org\/pt\/administrar-as-cookies\/internet-explorer8-plus.html<\/li>\n\n<li>Internet Explorer 9 http:\/\/www.allaboutcookies.org\/pt\/administrar-as-cookies\/internet-explorer9-plus.html<\/li>\n\n\n<li>Internet Explorer 11 https:\/\/support.microsoft.com\/pt-pt\/help\/17442\/windows-internet-explorer-delete-manage-cookies<\/li>\n<\/ul>\n\n\n\n<p><strong>Firefox<\/strong><\/p>\n\n\n<ul class=\"wp-block-list\"><li>https:\/\/support.mozilla.org\/pt-BR\/kb\/habilitar-e-desabilitar-cookies-sitios-web-rastrear-preferencias<\/li><\/ul>\n\n\n\n<p><strong>Chrome<\/strong><\/p>\n\n\n<ul class=\"wp-block-list\"><li>https:\/\/support.google.com\/chrome\/answer\/95647?co=GENIE.Platform%3DDesktop&amp;hl=pt<\/li><\/ul>\n\n\n\n<p><strong>Safari<\/strong><\/p>\n\n\n<ul class=\"wp-block-list\"><li>https:\/\/support.apple.com\/kb\/ph21411?locale=pt_PT<\/li><\/ul>\n\n\n\n<p><strong>iOS<\/strong><\/p>\n\n\n<ul class=\"wp-block-list\"><li>https:\/\/support.apple.com\/pt-pt\/HT201265<\/li><\/ul>\n\n\n<h4 class=\"wp-block-heading\">8 ALTERA\u00c7\u00d5ES NA POL\u00cdTICA DE COOKIES:<\/h4>\n\n<p>\u00c9 poss\u00edvel que o Grupo Integral de Inova\u00e7\u00e3o Tecnol\u00f3gica S.L. atualize a Pol\u00edtica de Cookies do Site, por isso recomendamos que revise esta pol\u00edtica sempre que aceda \u00e0 plataforma com o objetivo de estar adequadamente informado sobre como e para que usamos os cookies. A Pol\u00edtica de Cookies foi atualizada pela \u00faltima vez em 4 de maio de 2018.<\/p>\n\n\n<h4 class=\"wp-block-heading\"> 9 CONTACTO:<\/h4>\n\n\n<p>Se tiver alguma d\u00favida, coment\u00e1rio ou sugest\u00e3o sobre a Pol\u00edtica de Cookies, por favor escreva para: info@giit.es<\/p>","protected":false},"excerpt":{"rendered":"<p>Pol\u00edtica de Cookies INTRODUCCI\u00d3N Mediante o presente aviso na web&nbsp;Giit, S.L. com titular Grupo Integral de Inova\u00e7\u00e3o Tecnol\u00f3gica S.L.&nbsp;informa-o da sua pol\u00edtica de cookies, cumprindo assim com o previsto no artigo 22.2 da Lei 34\/2002, de 11 de julho de Servi\u00e7os da Sociedade da Informa\u00e7\u00e3o e de Com\u00e9rcio Eletr\u00f3nico. 1 CONCEITO DE COOKIE: Cookie \u00e9 [&hellip;]<\/p>\n","protected":false},"author":1,"featured_media":425,"parent":0,"menu_order":0,"comment_status":"closed","ping_status":"closed","template":"wp-custom-template-textos-legales","meta":{"_acf_changed":false,"inline_featured_image":false,"footnotes":""},"class_list":["post-1182","page","type-page","status-publish","has-post-thumbnail","hentry"],"acf":[],"yoast_head":"<!-- This site is optimized with the Yoast SEO plugin v25.4 - https:\/\/yoast.com\/wordpress\/plugins\/seo\/ -->\n<title>Pol\u00edtica de Cookies - Giit<\/title>\n<meta name=\"robots\" content=\"index, follow, max-snippet:-1, max-image-preview:large, max-video-preview:-1\" \/>\n<link rel=\"canonical\" href=\"https:\/\/giit.es\/pt-pt\/politica-de-cookies\/\" \/>\n<meta property=\"og:locale\" content=\"pt_PT\" \/>\n<meta property=\"og:type\" content=\"article\" \/>\n<meta property=\"og:title\" content=\"Pol\u00edtica de Cookies - Giit\" \/>\n<meta property=\"og:description\" content=\"Pol\u00edtica de Cookies INTRODUCCI\u00d3N Mediante o presente aviso na web&nbsp;Giit, S.L. com titular Grupo Integral de Inova\u00e7\u00e3o Tecnol\u00f3gica S.L.&nbsp;informa-o da sua pol\u00edtica de cookies, cumprindo assim com o previsto no artigo 22.2 da Lei 34\/2002, de 11 de julho de Servi\u00e7os da Sociedade da Informa\u00e7\u00e3o e de Com\u00e9rcio Eletr\u00f3nico. 1 CONCEITO DE COOKIE: Cookie \u00e9 [&hellip;]\" \/>\n<meta property=\"og:url\" content=\"https:\/\/giit.es\/pt-pt\/politica-de-cookies\/\" \/>\n<meta property=\"og:site_name\" content=\"Giit\" \/>\n<meta property=\"article:modified_time\" content=\"2025-04-02T16:54:02+00:00\" \/>\n<meta property=\"og:image\" content=\"https:\/\/giit.es\/wp-content\/uploads\/2025\/03\/Enmascarar-grupo-44-1.jpg\" \/>\n\t<meta property=\"og:image:width\" content=\"1920\" \/>\n\t<meta property=\"og:image:height\" content=\"648\" \/>\n\t<meta property=\"og:image:type\" content=\"image\/jpeg\" \/>\n<meta name=\"twitter:card\" content=\"summary_large_image\" \/>\n<meta name=\"twitter:label1\" content=\"Tempo estimado de leitura\" \/>\n\t<meta name=\"twitter:data1\" content=\"7 minutos\" \/>\n<script type=\"application\/ld+json\" class=\"yoast-schema-graph\">{\"@context\":\"https:\/\/schema.org\",\"@graph\":[{\"@type\":\"WebPage\",\"@id\":\"https:\/\/giit.es\/pt-pt\/politica-de-cookies\/\",\"url\":\"https:\/\/giit.es\/pt-pt\/politica-de-cookies\/\",\"name\":\"Pol\u00edtica de Cookies - Giit\",\"isPartOf\":{\"@id\":\"https:\/\/giit.es\/#website\"},\"primaryImageOfPage\":{\"@id\":\"https:\/\/giit.es\/pt-pt\/politica-de-cookies\/#primaryimage\"},\"image\":{\"@id\":\"https:\/\/giit.es\/pt-pt\/politica-de-cookies\/#primaryimage\"},\"thumbnailUrl\":\"https:\/\/giit.es\/wp-content\/uploads\/2025\/03\/Enmascarar-grupo-44-1.jpg\",\"datePublished\":\"2025-03-04T11:44:26+00:00\",\"dateModified\":\"2025-04-02T16:54:02+00:00\",\"breadcrumb\":{\"@id\":\"https:\/\/giit.es\/pt-pt\/politica-de-cookies\/#breadcrumb\"},\"inLanguage\":\"pt-PT\",\"potentialAction\":[{\"@type\":\"ReadAction\",\"target\":[\"https:\/\/giit.es\/pt-pt\/politica-de-cookies\/\"]}]},{\"@type\":\"ImageObject\",\"inLanguage\":\"pt-PT\",\"@id\":\"https:\/\/giit.es\/pt-pt\/politica-de-cookies\/#primaryimage\",\"url\":\"https:\/\/giit.es\/wp-content\/uploads\/2025\/03\/Enmascarar-grupo-44-1.jpg\",\"contentUrl\":\"https:\/\/giit.es\/wp-content\/uploads\/2025\/03\/Enmascarar-grupo-44-1.jpg\",\"width\":1920,\"height\":648},{\"@type\":\"BreadcrumbList\",\"@id\":\"https:\/\/giit.es\/pt-pt\/politica-de-cookies\/#breadcrumb\",\"itemListElement\":[{\"@type\":\"ListItem\",\"position\":1,\"name\":\"In\u00edcio\",\"item\":\"https:\/\/giit.es\/pt-pt\/\"},{\"@type\":\"ListItem\",\"position\":2,\"name\":\"Pol\u00edtica de Cookies\"}]},{\"@type\":\"WebSite\",\"@id\":\"https:\/\/giit.es\/#website\",\"url\":\"https:\/\/giit.es\/\",\"name\":\"Giit\",\"description\":\"Tu vigilancia y\\u2028seguridad profesional\\u2028homologada\",\"potentialAction\":[{\"@type\":\"SearchAction\",\"target\":{\"@type\":\"EntryPoint\",\"urlTemplate\":\"https:\/\/giit.es\/?s={search_term_string}\"},\"query-input\":{\"@type\":\"PropertyValueSpecification\",\"valueRequired\":true,\"valueName\":\"search_term_string\"}}],\"inLanguage\":\"pt-PT\"}]}<\/script>\n<!-- \/ Yoast SEO plugin. -->","yoast_head_json":{"title":"Pol\u00edtica de Cookies - Giit","robots":{"index":"index","follow":"follow","max-snippet":"max-snippet:-1","max-image-preview":"max-image-preview:large","max-video-preview":"max-video-preview:-1"},"canonical":"https:\/\/giit.es\/pt-pt\/politica-de-cookies\/","og_locale":"pt_PT","og_type":"article","og_title":"Pol\u00edtica de Cookies - Giit","og_description":"Pol\u00edtica de Cookies INTRODUCCI\u00d3N Mediante o presente aviso na web&nbsp;Giit, S.L. com titular Grupo Integral de Inova\u00e7\u00e3o Tecnol\u00f3gica S.L.&nbsp;informa-o da sua pol\u00edtica de cookies, cumprindo assim com o previsto no artigo 22.2 da Lei 34\/2002, de 11 de julho de Servi\u00e7os da Sociedade da Informa\u00e7\u00e3o e de Com\u00e9rcio Eletr\u00f3nico. 1 CONCEITO DE COOKIE: Cookie \u00e9 [&hellip;]","og_url":"https:\/\/giit.es\/pt-pt\/politica-de-cookies\/","og_site_name":"Giit","article_modified_time":"2025-04-02T16:54:02+00:00","og_image":[{"width":1920,"height":648,"url":"https:\/\/giit.es\/wp-content\/uploads\/2025\/03\/Enmascarar-grupo-44-1.jpg","type":"image\/jpeg"}],"twitter_card":"summary_large_image","twitter_misc":{"Tempo estimado de leitura":"7 minutos"},"schema":{"@context":"https:\/\/schema.org","@graph":[{"@type":"WebPage","@id":"https:\/\/giit.es\/pt-pt\/politica-de-cookies\/","url":"https:\/\/giit.es\/pt-pt\/politica-de-cookies\/","name":"Pol\u00edtica de Cookies - Giit","isPartOf":{"@id":"https:\/\/giit.es\/#website"},"primaryImageOfPage":{"@id":"https:\/\/giit.es\/pt-pt\/politica-de-cookies\/#primaryimage"},"image":{"@id":"https:\/\/giit.es\/pt-pt\/politica-de-cookies\/#primaryimage"},"thumbnailUrl":"https:\/\/giit.es\/wp-content\/uploads\/2025\/03\/Enmascarar-grupo-44-1.jpg","datePublished":"2025-03-04T11:44:26+00:00","dateModified":"2025-04-02T16:54:02+00:00","breadcrumb":{"@id":"https:\/\/giit.es\/pt-pt\/politica-de-cookies\/#breadcrumb"},"inLanguage":"pt-PT","potentialAction":[{"@type":"ReadAction","target":["https:\/\/giit.es\/pt-pt\/politica-de-cookies\/"]}]},{"@type":"ImageObject","inLanguage":"pt-PT","@id":"https:\/\/giit.es\/pt-pt\/politica-de-cookies\/#primaryimage","url":"https:\/\/giit.es\/wp-content\/uploads\/2025\/03\/Enmascarar-grupo-44-1.jpg","contentUrl":"https:\/\/giit.es\/wp-content\/uploads\/2025\/03\/Enmascarar-grupo-44-1.jpg","width":1920,"height":648},{"@type":"BreadcrumbList","@id":"https:\/\/giit.es\/pt-pt\/politica-de-cookies\/#breadcrumb","itemListElement":[{"@type":"ListItem","position":1,"name":"In\u00edcio","item":"https:\/\/giit.es\/pt-pt\/"},{"@type":"ListItem","position":2,"name":"Pol\u00edtica de Cookies"}]},{"@type":"WebSite","@id":"https:\/\/giit.es\/#website","url":"https:\/\/giit.es\/","name":"Giit","description":"Tu vigilancia y\u2028seguridad profesional\u2028homologada","potentialAction":[{"@type":"SearchAction","target":{"@type":"EntryPoint","urlTemplate":"https:\/\/giit.es\/?s={search_term_string}"},"query-input":{"@type":"PropertyValueSpecification","valueRequired":true,"valueName":"search_term_string"}}],"inLanguage":"pt-PT"}]}},"_links":{"self":[{"href":"https:\/\/giit.es\/pt-pt\/wp-json\/wp\/v2\/pages\/1182","targetHints":{"allow":["GET"]}}],"collection":[{"href":"https:\/\/giit.es\/pt-pt\/wp-json\/wp\/v2\/pages"}],"about":[{"href":"https:\/\/giit.es\/pt-pt\/wp-json\/wp\/v2\/types\/page"}],"author":[{"embeddable":true,"href":"https:\/\/giit.es\/pt-pt\/wp-json\/wp\/v2\/users\/1"}],"replies":[{"embeddable":true,"href":"https:\/\/giit.es\/pt-pt\/wp-json\/wp\/v2\/comments?post=1182"}],"version-history":[{"count":2,"href":"https:\/\/giit.es\/pt-pt\/wp-json\/wp\/v2\/pages\/1182\/revisions"}],"predecessor-version":[{"id":1210,"href":"https:\/\/giit.es\/pt-pt\/wp-json\/wp\/v2\/pages\/1182\/revisions\/1210"}],"wp:featuredmedia":[{"embeddable":true,"href":"https:\/\/giit.es\/pt-pt\/wp-json\/wp\/v2\/media\/425"}],"wp:attachment":[{"href":"https:\/\/giit.es\/pt-pt\/wp-json\/wp\/v2\/media?parent=1182"}],"curies":[{"name":"wp","href":"https:\/\/api.w.org\/{rel}","templated":true}]}}