{"id":1179,"date":"2025-03-04T22:03:50","date_gmt":"2025-03-04T21:03:50","guid":{"rendered":"https:\/\/giit.es\/homologaciones\/"},"modified":"2025-08-20T22:22:48","modified_gmt":"2025-08-20T20:22:48","slug":"homologaciones","status":"publish","type":"page","link":"https:\/\/giit.es\/pt-pt\/homologaciones\/","title":{"rendered":"Homologa\u00e7\u00f5es"},"content":{"rendered":"<!-- Section Herogeneral Bloque -->\r\n            <section id=\"block-section-herogeneral\" class=\"section-herogeneral\">\r\n                \r\n<!-- Start Breadcrumb Section -->\r\n<div class=\"breadcrumb-section overflow-hidden\">\r\n\t<div class=\"overlay\"><\/div>\r\n\t<picture class=\"section-picturebg_GIT\">\r\n\t\t<img decoding=\"async\" width=\"1920\" height=\"648\" src=\"https:\/\/giit.es\/wp-content\/uploads\/2025\/03\/OverlayBackground-1.jpg\" class=\"attachment-1179 size-1179 wp-post-image\" alt=\"\" full=\"\" srcset=\"https:\/\/giit.es\/wp-content\/uploads\/2025\/03\/OverlayBackground-1.jpg 1920w, https:\/\/giit.es\/wp-content\/uploads\/2025\/03\/OverlayBackground-1-300x101.jpg 300w, https:\/\/giit.es\/wp-content\/uploads\/2025\/03\/OverlayBackground-1-1024x346.jpg 1024w, https:\/\/giit.es\/wp-content\/uploads\/2025\/03\/OverlayBackground-1-768x259.jpg 768w, https:\/\/giit.es\/wp-content\/uploads\/2025\/03\/OverlayBackground-1-1536x518.jpg 1536w\" sizes=\"(max-width: 1920px) 100vw, 1920px\" \/>\t<\/picture>\r\n\t<div class=\"container-fluid one pl--95\">\r\n\t\t<div class=\"row g-lg-4 gy-5\">\r\n\t\t\t<div class=\"col-lg-12\">\r\n\t\t\t\t<div class=\"banner-content\">\r\n\r\n\t\t\t\t\t<h1 class=\"mb-3\">\r\n\t\t\t\t\t\tHomologa\u00e7\u00f5es\t\t\t\t\t<\/h1>\r\n\t\t\t\t\t<ul class=\"breadcrumb-list\">\r\n\t\t\t\t\t\t\r\n\r\n\t\t\t\t\t\t            <div class=\"SQ_migas_yoast \">\r\n                <p id=\"breadcrumbs\"><span><span><a href=\"https:\/\/giit.es\/pt-pt\/\">In\u00edcio<\/a><\/span><\/span><\/p>            <\/div>\r\n            \r\n\t\t\t\t\t<\/ul>\r\n\t\t\t\t<\/div>\r\n\t\t\t<\/div>\r\n\t\t\t\t\t<\/div>\r\n\t<\/div>\r\n<\/div>\r\n<!-- End Breadcrumb Section -->\r\n            <\/section>\r\n            <!-- FIN Section Herogeneral Bloque -->\n\n<!-- Section Datahomologacion Bloque -->\r\n            <section id=\"block-section-datahomologacion\" class=\"section-datahomologacion\">\r\n                \t\r\n\r\n<div class=\"container\">\r\n\t<div class=\"section-datos-homologacion_GIT\">\r\n\t\t<div class=\"Actualizacion\">\r\n\t\t\t<svg width=\"14\" height=\"14\" viewBox=\"0 0 14 14\" fill=\"none\" xmlns=\"http:\/\/www.w3.org\/2000\/svg\">\r\n\t\t\t\t<path d=\"M10.6401 7.65428L5.83339 11.8543C5.64672 12.0098 5.43672 12.0798 5.20339 12.0643C4.97005 12.0487 4.77561 11.9632 4.62005 11.8076C4.4645 11.6521 4.38672 11.4498 4.38672 11.201V2.80095C4.38672 2.6454 4.43339 2.48984 4.52672 2.33428C4.62005 2.17873 4.7445 2.06984 4.90005 2.00762C5.05561 1.9454 5.21894 1.92206 5.39005 1.93762C5.56116 1.95317 5.70894 2.02317 5.83339 2.14762L10.6401 6.34762C10.8267 6.50317 10.9201 6.72095 10.9201 7.00095C10.9201 7.28095 10.8267 7.49873 10.6401 7.65428Z\" fill=\"#2E448D\"\/>\r\n\t\t\t<\/svg>\r\n\t\t\t<span>\u00daltima atualiza\u00e7\u00e3o<\/span>\r\n\t\t\t<svg width=\"28\" height=\"2\" viewBox=\"0 0 28 2\" fill=\"none\" xmlns=\"http:\/\/www.w3.org\/2000\/svg\">\r\n\t\t\t\t<rect y=\"0.505859\" width=\"28\" height=\"1\" fill=\"#0D1720\"\/>\r\n\t\t\t<\/svg>\r\n\t\t\t<span class=\"date-act\">20 de Outubro, 2024<\/span>\r\n\t\t<\/div>\r\n\t\t<div class=\"datos-textos-certi\">\r\n\t\t\t<h2>A tranquilidade de contar com uma qualidade certificada e oficial<\/h2>\n<p>Disponibilizamos certifica\u00e7\u00f5es ISO em 50001, 9001, 14001, 45001, certificado EFR, pegadas de carbono e certificados em Repsol, Galp, Cepsa e BP. A nossa ampla experi\u00eancia e dedica\u00e7\u00e3o permitiram-nos alcan\u00e7ar as mais altas homologa\u00e7\u00f5es, garantindo assim a m\u00e1xima seguran\u00e7a e efici\u00eancia na prote\u00e7\u00e3o contra inc\u00eandios. Oferecemos solu\u00e7\u00f5es inovadoras e personalizadas, sempre alinhadas com os padr\u00f5es internacionais mais rigorosos.<\/p>\n<p>A seguran\u00e7a de um edif\u00edcio ou de uma empresa \u00e9 um assunto essencial que n\u00e3o pode ser submetido a uma decis\u00e3o sem garantias. Desde 20 de julho de 2012, pouco depois de nascer, a GIIT conta com a certifica\u00e7\u00e3o que atesta a homologa\u00e7\u00e3o por parte do Minist\u00e9rio do Interior como empresa de seguran\u00e7a. Este aval, al\u00e9m de garantir a qualidade dos nossos servi\u00e7os e dos nossos equipamentos, \u00e9 um requisito b\u00e1sico e inadi\u00e1vel para qualquer empresa que queira operar de forma profissional e reconhecida. De fato, instalar este tipo de sistemas de seguran\u00e7a sem a homologa\u00e7\u00e3o pertinente pode resultar em san\u00e7\u00f5es de at\u00e9 60.000 euros. Quando solicitar or\u00e7amentos para o planejamento ou instala\u00e7\u00e3o deste tipo de sistemas de prote\u00e7\u00e3o, vigil\u00e2ncia ou controle, lembre-se de solicitar essa acredita\u00e7\u00e3o. A da GIIT est\u00e1 homologada pelo Minist\u00e9rio e pela Dire\u00e7\u00e3o Geral da Pol\u00edcia com a refer\u00eancia 3870.<\/p>\n\r\n\t\t\t<div class=\"Certificaciones\">\r\n\t\t\t\t\r\n\t\t\t\t\t\t\t\t<div class=\"Item-Certificacion\">\r\n\t\t\t\t\t\t\t\t\t\t\t\t\t\t\t\t\t\t\t<a href=\"https:\/\/giit.es\/wp-content\/uploads\/2025\/08\/ISO-9001.pdf\" target=\"_blank\">\r\n\t\t\t\t\t\t\t\t\t\t\t<img decoding=\"async\" width=\"270\" height=\"105\" src=\"https:\/\/giit.es\/wp-content\/uploads\/2025\/03\/ISO-9001-ISO-14001-ISO-45001-RGB.png\" class=\"attachment-full size-full\" alt=\"\" \/>\t\t\t\t\t\t\t\t\t\t<\/a>\r\n\t\t\t\t\t\t\t\t\t\t\t\t\t\t\t\t\t<\/div>\r\n\t\t\t\t\t\t\t\r\n\t\t\t\t\t\t\t\t<div class=\"Item-Certificacion\">\r\n\t\t\t\t\t\t\t\t\t\t\t\t\t\t\t\t\t\t\t<a href=\"https:\/\/giit.es\/wp-content\/uploads\/2025\/08\/ISO-14001.pdf\" target=\"_blank\">\r\n\t\t\t\t\t\t\t\t\t\t\t<img decoding=\"async\" width=\"270\" height=\"105\" src=\"https:\/\/giit.es\/wp-content\/uploads\/2025\/03\/ISO-9001-ISO-14001-ISO-45001-RGB.png\" class=\"attachment-full size-full\" alt=\"\" \/>\t\t\t\t\t\t\t\t\t\t<\/a>\r\n\t\t\t\t\t\t\t\t\t\t\t\t\t\t\t\t\t<\/div>\r\n\t\t\t\t\t\t\t\r\n\t\t\t\t\t\t\t\t<div class=\"Item-Certificacion\">\r\n\t\t\t\t\t\t\t\t\t\t\t\t\t\t\t\t\t\t\t<a href=\"https:\/\/giit.es\/wp-content\/uploads\/2025\/08\/ISO-45001.pdf\" target=\"_blank\">\r\n\t\t\t\t\t\t\t\t\t\t\t<img decoding=\"async\" width=\"270\" height=\"105\" src=\"https:\/\/giit.es\/wp-content\/uploads\/2025\/03\/ISO-9001-ISO-14001-ISO-45001-RGB.png\" class=\"attachment-full size-full\" alt=\"\" \/>\t\t\t\t\t\t\t\t\t\t<\/a>\r\n\t\t\t\t\t\t\t\t\t\t\t\t\t\t\t\t\t<\/div>\r\n\t\t\t\t\t\t\t\r\n\t\t\t\t\t\t\t\t<div class=\"Item-Certificacion\">\r\n\t\t\t\t\t\t\t\t\t\t\t\t\t\t\t\t\t\t\t<a href=\"https:\/\/giit.es\/wp-content\/uploads\/2025\/08\/ISO-50001.pdf\" target=\"_blank\">\r\n\t\t\t\t\t\t\t\t\t\t\t<img decoding=\"async\" width=\"270\" height=\"105\" src=\"https:\/\/giit.es\/wp-content\/uploads\/2025\/03\/ISO-50001-RGB.png\" class=\"attachment-full size-full\" alt=\"\" \/>\t\t\t\t\t\t\t\t\t\t<\/a>\r\n\t\t\t\t\t\t\t\t\t\t\t\t\t\t\t\t\t<\/div>\r\n\t\t\t\t\t\t\t\r\n\t\t\t\t\t\t\t\t<div class=\"Item-Certificacion\">\r\n\t\t\t\t\t\t\t\t\t\t\t\t\t\t\t\t\t\t\t<img decoding=\"async\" width=\"164\" height=\"181\" src=\"https:\/\/giit.es\/wp-content\/uploads\/2025\/03\/aerme-vectorizado-jpg.png\" class=\"attachment-full size-full\" alt=\"\" \/>\t\t\t\t\t\t\t\t\t\t\t\t\t\t\t\t\t<\/div>\r\n\t\t\t\t\t\t\t\r\n\t\t\t\t\t\t\t\t<div class=\"Item-Certificacion\">\r\n\t\t\t\t\t\t\t\t\t\t\t\t\t\t\t\t\t\t\t<img decoding=\"async\" width=\"136\" height=\"181\" src=\"https:\/\/giit.es\/wp-content\/uploads\/2025\/03\/2022_C-1.png\" class=\"attachment-full size-full\" alt=\"\" \/>\t\t\t\t\t\t\t\t\t\t\t\t\t\t\t\t\t<\/div>\r\n\t\t\t\t\t\t\t\t\t\t<\/div>\r\n\t\t<\/div>\r\n\r\n\t\t<div class=\"datos-empresas\">\r\n\t\t\t<h3>\r\n\t\t\t\tEmpresa autorizada por:\t\t\t<\/h3>\r\n\r\n\t\t\t<div class=\"datos-logos-empresas\">\r\n\t\t\t\t\r\n\t\t\t\t\t\t\t\t<div class=\"Item-empresas\">\r\n\t\t\t\t\t\t\t\t\t<img decoding=\"async\" width=\"700\" height=\"179\" src=\"https:\/\/giit.es\/wp-content\/uploads\/2025\/03\/38aecce7fc460313dc7730fd2375c1fe.png\" class=\"attachment-full size-full\" alt=\"\" srcset=\"https:\/\/giit.es\/wp-content\/uploads\/2025\/03\/38aecce7fc460313dc7730fd2375c1fe.png 700w, https:\/\/giit.es\/wp-content\/uploads\/2025\/03\/38aecce7fc460313dc7730fd2375c1fe-300x77.png 300w\" sizes=\"(max-width: 700px) 100vw, 700px\" \/>\t\t\t\t\t\t\t\t<\/div>\r\n\t\t\t\t\t\t\t\r\n\t\t\t\t\t\t\t\t<div class=\"Item-empresas\">\r\n\t\t\t\t\t\t\t\t\t<img decoding=\"async\" width=\"300\" height=\"161\" src=\"https:\/\/giit.es\/wp-content\/uploads\/2025\/03\/f9e5f8bf21a3458ac7b9b2a7b3780fef.png\" class=\"attachment-full size-full\" alt=\"\" \/>\t\t\t\t\t\t\t\t<\/div>\r\n\t\t\t\t\t\t\t\r\n\t\t\t\t\t\t\t\t<div class=\"Item-empresas\">\r\n\t\t\t\t\t\t\t\t\t<img decoding=\"async\" width=\"230\" height=\"106\" src=\"https:\/\/giit.es\/wp-content\/uploads\/2025\/03\/3ee0cde26891158d1d3f7eec7a7d3c95.png\" class=\"attachment-full size-full\" alt=\"\" \/>\t\t\t\t\t\t\t\t<\/div>\r\n\t\t\t\t\t\t\t\r\n\t\t\t\t\t\t\t\t<div class=\"Item-empresas\">\r\n\t\t\t\t\t\t\t\t\t<img decoding=\"async\" width=\"1200\" height=\"300\" src=\"https:\/\/giit.es\/wp-content\/uploads\/2025\/03\/26de1b4da0db7c31c74753a474b30a93.png\" class=\"attachment-full size-full\" alt=\"\" srcset=\"https:\/\/giit.es\/wp-content\/uploads\/2025\/03\/26de1b4da0db7c31c74753a474b30a93.png 1200w, https:\/\/giit.es\/wp-content\/uploads\/2025\/03\/26de1b4da0db7c31c74753a474b30a93-300x75.png 300w, https:\/\/giit.es\/wp-content\/uploads\/2025\/03\/26de1b4da0db7c31c74753a474b30a93-1024x256.png 1024w, https:\/\/giit.es\/wp-content\/uploads\/2025\/03\/26de1b4da0db7c31c74753a474b30a93-768x192.png 768w\" sizes=\"(max-width: 1200px) 100vw, 1200px\" \/>\t\t\t\t\t\t\t\t<\/div>\r\n\t\t\t\t\t\t\t\t\t\t<\/div>\r\n\t\t<\/div>\r\n\t<\/div>\r\n<\/div>\r\n            <\/section>\r\n            <!-- FIN Section Datahomologacion Bloque -->\n\n<!-- Section Cta V2 Bloque -->\r\n            <section id=\"block-section-cta-v2\" class=\"section-cta-v2\">\r\n                \r\n<!-- Start people1-card Section -->\r\n<div class=\"people-card-section two\">\r\n\t<div class=\"container-fluid one\">\r\n\t\t<div class=\"row g-lg-4 gy-5 section-rowcontent_GIIT\">\r\n\t\t\t<div class=\"col-xl-10 col-lg-9 section-colleft_Giit position-relative\">\r\n\t\t\t\t<div class=\"people-left-content pr--95\">\r\n\t\t\t\t\t<div class=\"section-title1 two mb-0\">\r\n\t\t\t\t\t\t<span>Contacto<\/span>\r\n\t\t\t\t\t\t<h2>Descobre mais sobre os nossos compromissos<\/h2>\r\n\t\t\t\t\t\t<p>Em GIIT, cumprimos com os mais altos padr\u00f5es de qualidade e seguran\u00e7a, respaldados pelas nossas certifica\u00e7\u00f5es e homologa\u00e7\u00f5es.<\/p>\r\n\t\t\t\t\t\t\t\t\t\t\t\t\t\t<a class=\"primary-btn2 btn-hover\" href=\"https:\/\/giit.es\/contacto\/\" target=\"_self\">\r\n\t\t\t\t\t\t\t\t\tLer mais\t\t\t\t\t\t\t\t\t<svg xmlns=\"http:\/\/www.w3.org\/2000\/svg\" width=\"12\" height=\"12\" viewBox=\"0 0 12 12\">\r\n\t\t\t\t\t\t\t\t\t\t<path fill-rule=\"evenodd\" clip-rule=\"evenodd\" d=\"M10.1865 1.06237L0 11.2484L0.751627 12L10.9376 1.81347V8.85645H12V0H3.14355V1.06237H10.1865Z\" \/>\r\n\t\t\t\t\t\t\t\t\t<\/svg>\r\n\t\t\t\t\t\t\t\t<\/a>\r\n\t\t\t\t\t\t\t\t\t\t\t\t<\/div>\r\n\t\t\t\t<\/div>\r\n\t\t\t<\/div>\r\n\t\t<\/div>\r\n\t\t<div class=\"section-frame_GIIT\">\r\n\t\t\t<img decoding=\"async\" width=\"727\" height=\"305\" src=\"https:\/\/giit.es\/wp-content\/uploads\/2025\/03\/Giit-OUTLINE.png\" class=\"attachment-full size-full\" alt=\"\" srcset=\"https:\/\/giit.es\/wp-content\/uploads\/2025\/03\/Giit-OUTLINE.png 727w, https:\/\/giit.es\/wp-content\/uploads\/2025\/03\/Giit-OUTLINE-300x126.png 300w\" sizes=\"(max-width: 727px) 100vw, 727px\" \/>\t\t<\/div>\r\n\t<\/div>\r\n<\/div>\r\n<!-- End people1-card Section -->\r\n            <\/section>\r\n            <!-- FIN Section Cta V2 Bloque -->","protected":false},"excerpt":{"rendered":"","protected":false},"author":1,"featured_media":500,"parent":0,"menu_order":0,"comment_status":"closed","ping_status":"closed","template":"page-notitle","meta":{"_acf_changed":false,"inline_featured_image":false,"footnotes":""},"class_list":["post-1179","page","type-page","status-publish","has-post-thumbnail","hentry"],"acf":[],"yoast_head":"<!-- This site is optimized with the Yoast SEO plugin v25.4 - https:\/\/yoast.com\/wordpress\/plugins\/seo\/ -->\n<title>Homologa\u00e7\u00f5es - Giit<\/title>\n<meta name=\"robots\" content=\"index, follow, max-snippet:-1, max-image-preview:large, max-video-preview:-1\" \/>\n<link rel=\"canonical\" href=\"https:\/\/giit.es\/pt-pt\/homologaciones\/\" \/>\n<meta property=\"og:locale\" content=\"pt_PT\" \/>\n<meta property=\"og:type\" content=\"article\" \/>\n<meta property=\"og:title\" content=\"Homologa\u00e7\u00f5es - Giit\" \/>\n<meta property=\"og:url\" content=\"https:\/\/giit.es\/pt-pt\/homologaciones\/\" \/>\n<meta property=\"og:site_name\" content=\"Giit\" \/>\n<meta property=\"article:modified_time\" content=\"2025-08-20T20:22:48+00:00\" \/>\n<meta property=\"og:image\" content=\"https:\/\/giit.es\/wp-content\/uploads\/2025\/03\/OverlayBackground-1.jpg\" \/>\n\t<meta property=\"og:image:width\" content=\"1920\" \/>\n\t<meta property=\"og:image:height\" content=\"648\" \/>\n\t<meta property=\"og:image:type\" content=\"image\/jpeg\" \/>\n<meta name=\"twitter:card\" content=\"summary_large_image\" \/>\n<meta name=\"twitter:label1\" content=\"Tempo estimado de leitura\" \/>\n\t<meta name=\"twitter:data1\" content=\"1 minuto\" \/>\n<script type=\"application\/ld+json\" class=\"yoast-schema-graph\">{\"@context\":\"https:\/\/schema.org\",\"@graph\":[{\"@type\":\"WebPage\",\"@id\":\"https:\/\/giit.es\/pt-pt\/homologaciones\/\",\"url\":\"https:\/\/giit.es\/pt-pt\/homologaciones\/\",\"name\":\"Homologa\u00e7\u00f5es - Giit\",\"isPartOf\":{\"@id\":\"https:\/\/giit.es\/#website\"},\"primaryImageOfPage\":{\"@id\":\"https:\/\/giit.es\/pt-pt\/homologaciones\/#primaryimage\"},\"image\":{\"@id\":\"https:\/\/giit.es\/pt-pt\/homologaciones\/#primaryimage\"},\"thumbnailUrl\":\"https:\/\/giit.es\/wp-content\/uploads\/2025\/03\/OverlayBackground-1.jpg\",\"datePublished\":\"2025-03-04T21:03:50+00:00\",\"dateModified\":\"2025-08-20T20:22:48+00:00\",\"breadcrumb\":{\"@id\":\"https:\/\/giit.es\/pt-pt\/homologaciones\/#breadcrumb\"},\"inLanguage\":\"pt-PT\",\"potentialAction\":[{\"@type\":\"ReadAction\",\"target\":[\"https:\/\/giit.es\/pt-pt\/homologaciones\/\"]}]},{\"@type\":\"ImageObject\",\"inLanguage\":\"pt-PT\",\"@id\":\"https:\/\/giit.es\/pt-pt\/homologaciones\/#primaryimage\",\"url\":\"https:\/\/giit.es\/wp-content\/uploads\/2025\/03\/OverlayBackground-1.jpg\",\"contentUrl\":\"https:\/\/giit.es\/wp-content\/uploads\/2025\/03\/OverlayBackground-1.jpg\",\"width\":1920,\"height\":648},{\"@type\":\"BreadcrumbList\",\"@id\":\"https:\/\/giit.es\/pt-pt\/homologaciones\/#breadcrumb\",\"itemListElement\":[{\"@type\":\"ListItem\",\"position\":1,\"name\":\"In\u00edcio\",\"item\":\"https:\/\/giit.es\/pt-pt\/\"},{\"@type\":\"ListItem\",\"position\":2,\"name\":\"Homologa\u00e7\u00f5es\"}]},{\"@type\":\"WebSite\",\"@id\":\"https:\/\/giit.es\/#website\",\"url\":\"https:\/\/giit.es\/\",\"name\":\"Giit\",\"description\":\"Tu vigilancia y\\u2028seguridad profesional\\u2028homologada\",\"potentialAction\":[{\"@type\":\"SearchAction\",\"target\":{\"@type\":\"EntryPoint\",\"urlTemplate\":\"https:\/\/giit.es\/?s={search_term_string}\"},\"query-input\":{\"@type\":\"PropertyValueSpecification\",\"valueRequired\":true,\"valueName\":\"search_term_string\"}}],\"inLanguage\":\"pt-PT\"}]}<\/script>\n<!-- \/ Yoast SEO plugin. -->","yoast_head_json":{"title":"Homologa\u00e7\u00f5es - Giit","robots":{"index":"index","follow":"follow","max-snippet":"max-snippet:-1","max-image-preview":"max-image-preview:large","max-video-preview":"max-video-preview:-1"},"canonical":"https:\/\/giit.es\/pt-pt\/homologaciones\/","og_locale":"pt_PT","og_type":"article","og_title":"Homologa\u00e7\u00f5es - Giit","og_url":"https:\/\/giit.es\/pt-pt\/homologaciones\/","og_site_name":"Giit","article_modified_time":"2025-08-20T20:22:48+00:00","og_image":[{"width":1920,"height":648,"url":"https:\/\/giit.es\/wp-content\/uploads\/2025\/03\/OverlayBackground-1.jpg","type":"image\/jpeg"}],"twitter_card":"summary_large_image","twitter_misc":{"Tempo estimado de leitura":"1 minuto"},"schema":{"@context":"https:\/\/schema.org","@graph":[{"@type":"WebPage","@id":"https:\/\/giit.es\/pt-pt\/homologaciones\/","url":"https:\/\/giit.es\/pt-pt\/homologaciones\/","name":"Homologa\u00e7\u00f5es - Giit","isPartOf":{"@id":"https:\/\/giit.es\/#website"},"primaryImageOfPage":{"@id":"https:\/\/giit.es\/pt-pt\/homologaciones\/#primaryimage"},"image":{"@id":"https:\/\/giit.es\/pt-pt\/homologaciones\/#primaryimage"},"thumbnailUrl":"https:\/\/giit.es\/wp-content\/uploads\/2025\/03\/OverlayBackground-1.jpg","datePublished":"2025-03-04T21:03:50+00:00","dateModified":"2025-08-20T20:22:48+00:00","breadcrumb":{"@id":"https:\/\/giit.es\/pt-pt\/homologaciones\/#breadcrumb"},"inLanguage":"pt-PT","potentialAction":[{"@type":"ReadAction","target":["https:\/\/giit.es\/pt-pt\/homologaciones\/"]}]},{"@type":"ImageObject","inLanguage":"pt-PT","@id":"https:\/\/giit.es\/pt-pt\/homologaciones\/#primaryimage","url":"https:\/\/giit.es\/wp-content\/uploads\/2025\/03\/OverlayBackground-1.jpg","contentUrl":"https:\/\/giit.es\/wp-content\/uploads\/2025\/03\/OverlayBackground-1.jpg","width":1920,"height":648},{"@type":"BreadcrumbList","@id":"https:\/\/giit.es\/pt-pt\/homologaciones\/#breadcrumb","itemListElement":[{"@type":"ListItem","position":1,"name":"In\u00edcio","item":"https:\/\/giit.es\/pt-pt\/"},{"@type":"ListItem","position":2,"name":"Homologa\u00e7\u00f5es"}]},{"@type":"WebSite","@id":"https:\/\/giit.es\/#website","url":"https:\/\/giit.es\/","name":"Giit","description":"Tu vigilancia y\u2028seguridad profesional\u2028homologada","potentialAction":[{"@type":"SearchAction","target":{"@type":"EntryPoint","urlTemplate":"https:\/\/giit.es\/?s={search_term_string}"},"query-input":{"@type":"PropertyValueSpecification","valueRequired":true,"valueName":"search_term_string"}}],"inLanguage":"pt-PT"}]}},"_links":{"self":[{"href":"https:\/\/giit.es\/pt-pt\/wp-json\/wp\/v2\/pages\/1179","targetHints":{"allow":["GET"]}}],"collection":[{"href":"https:\/\/giit.es\/pt-pt\/wp-json\/wp\/v2\/pages"}],"about":[{"href":"https:\/\/giit.es\/pt-pt\/wp-json\/wp\/v2\/types\/page"}],"author":[{"embeddable":true,"href":"https:\/\/giit.es\/pt-pt\/wp-json\/wp\/v2\/users\/1"}],"replies":[{"embeddable":true,"href":"https:\/\/giit.es\/pt-pt\/wp-json\/wp\/v2\/comments?post=1179"}],"version-history":[{"count":5,"href":"https:\/\/giit.es\/pt-pt\/wp-json\/wp\/v2\/pages\/1179\/revisions"}],"predecessor-version":[{"id":1869,"href":"https:\/\/giit.es\/pt-pt\/wp-json\/wp\/v2\/pages\/1179\/revisions\/1869"}],"wp:featuredmedia":[{"embeddable":true,"href":"https:\/\/giit.es\/pt-pt\/wp-json\/wp\/v2\/media\/500"}],"wp:attachment":[{"href":"https:\/\/giit.es\/pt-pt\/wp-json\/wp\/v2\/media?parent=1179"}],"curies":[{"name":"wp","href":"https:\/\/api.w.org\/{rel}","templated":true}]}}